{"id":150,"date":"2025-02-21T11:10:47","date_gmt":"2025-02-21T11:10:47","guid":{"rendered":"https:\/\/lle3espaicultural.com\/?page_id=150"},"modified":"2025-09-18T09:34:50","modified_gmt":"2025-09-18T09:34:50","slug":"que","status":"publish","type":"page","link":"https:\/\/lle3espaicultural.com\/es\/que\/","title":{"rendered":"Qu\u00e8?"},"content":{"rendered":"<p>[et_pb_section fb_built=&#8221;1&#8243; fullwidth=&#8221;on&#8221; _builder_version=&#8221;4.27.4&#8243; _module_preset=&#8221;default&#8221; animation_style=&#8221;fade&#8221; sticky_position=&#8221;top&#8221; locked=&#8221;off&#8221; global_colors_info=&#8221;{}&#8221;][et_pb_fullwidth_menu logo=&#8221;http:\/\/lle3espaicultural.com\/wp-content\/uploads\/2025\/02\/logolle3min.png&#8221; logo_height=&#8221;50px&#8221; _builder_version=&#8221;4.27.4&#8243; _module_preset=&#8221;default&#8221; menu_font=&#8221;Archivo||||||||&#8221; menu_font_size=&#8221;16px&#8221; text_orientation=&#8221;right&#8221; global_colors_info=&#8221;{}&#8221;][\/et_pb_fullwidth_menu][\/et_pb_section][et_pb_section fb_built=&#8221;1&#8243; admin_label=&#8221;Header&#8221; _builder_version=&#8221;4.25.1&#8243; _module_preset=&#8221;default&#8221; background_enable_color=&#8221;off&#8221; locked=&#8221;off&#8221; collapsed=&#8221;on&#8221; global_colors_info=&#8221;{%22gcid-545c17f1-4e53-478d-9e2b-03daafc524a2%22:%91%22background_color%22%93}&#8221;][et_pb_row column_structure=&#8221;1_2,1_2&#8243; _builder_version=&#8221;4.25.1&#8243; _module_preset=&#8221;default&#8221; global_colors_info=&#8221;{}&#8221;][et_pb_column type=&#8221;1_2&#8243; _builder_version=&#8221;4.25.1&#8243; _module_preset=&#8221;default&#8221; background_color=&#8221;gcid-2a386b1e-9149-40c6-b24d-5e9fedecf039&#8243; custom_padding=&#8221;10%|10%|10%|10%|true|true&#8221; custom_padding_tablet=&#8221;30px|30px|30px|30px|true|true&#8221; custom_padding_phone=&#8221;20px|20px|20px|20px|true|true&#8221; custom_padding_last_edited=&#8221;off|desktop&#8221; global_colors_info=&#8221;{%22gcid-2a386b1e-9149-40c6-b24d-5e9fedecf039%22:%91%22background_color%22%93}&#8221;][et_pb_image src=&#8221;http:\/\/lle3espaicultural.com\/wp-content\/uploads\/2025\/02\/Captura-de-pantalla-2025-02-19-a-las-12.46.30.png&#8221; title_text=&#8221;Captura de pantalla 2025-02-19 a las 12.46.30&#8243; _builder_version=&#8221;4.27.4&#8243; _module_preset=&#8221;default&#8221; filter_saturate=&#8221;0%&#8221; border_width_all=&#8221;10px&#8221; border_color_all=&#8221;#FFFFFF&#8221; box_shadow_style=&#8221;preset3&#8243; box_shadow_horizontal=&#8221;10px&#8221; box_shadow_vertical=&#8221;40px&#8221; box_shadow_blur=&#8221;40px&#8221; box_shadow_spread=&#8221;10px&#8221; box_shadow_color=&#8221;rgba(0,0,0,0.11)&#8221; locked=&#8221;off&#8221; global_colors_info=&#8221;{}&#8221;][\/et_pb_image][\/et_pb_column][et_pb_column type=&#8221;1_2&#8243; _builder_version=&#8221;4.25.1&#8243; _module_preset=&#8221;default&#8221; global_colors_info=&#8221;{}&#8221;][et_pb_image src=&#8221;http:\/\/lle3espaicultural.com\/wp-content\/uploads\/2025\/02\/logolle3min.png&#8221; title_text=&#8221;logolle3min&#8221; _builder_version=&#8221;4.27.4&#8243; _module_preset=&#8221;default&#8221; max_width=&#8221;50%&#8221; global_colors_info=&#8221;{}&#8221;][\/et_pb_image][et_pb_heading title=&#8221;\u00c0ngels Caparr\u00f3s i Garcia&#8221; _builder_version=&#8221;4.27.4&#8243; _module_preset=&#8221;6dfa53ee-6cc8-40a4-8c64-1af0cf168dee&#8221; title_text_color=&#8221;#212121&#8243; hover_enabled=&#8221;0&#8243; locked=&#8221;off&#8221; global_colors_info=&#8221;{}&#8221; title_level=&#8221;h1&#8243; sticky_enabled=&#8221;0&#8243;][\/et_pb_heading][et_pb_text _builder_version=&#8221;4.27.4&#8243; _module_preset=&#8221;cb71cdac-07b6-45c9-8d82-d4c1baccc4c0&#8243; hover_enabled=&#8221;0&#8243; global_colors_info=&#8221;{}&#8221; sticky_enabled=&#8221;0&#8243;]<\/p>\n<p><span>Dona de lletres \u2018pures\u2019 vaig estudiar Filologia Catalana a la Universitat de Barcelona. Els darrers m\u00e9s de vint anys he estat treballant en el m\u00f3n de la comunicaci\u00f3, com a responsable de Premsa, Protocol i Relacions Institucionals a la Delegaci\u00f3 del Govern a les Terres de l&#8217;Ebre i, anteriorment, a l&#8217;Ajuntament de la R\u00e0pita.<\/span><\/p>\n<p>[\/et_pb_text][\/et_pb_column][\/et_pb_row][\/et_pb_section][et_pb_section fb_built=&#8221;1&#8243; admin_label=&#8221;About&#8221; _builder_version=&#8221;4.25.1&#8243; _module_preset=&#8221;default&#8221; locked=&#8221;off&#8221; collapsed=&#8221;on&#8221; global_colors_info=&#8221;{}&#8221;][et_pb_row custom_padding_last_edited=&#8221;on|phone&#8221; _builder_version=&#8221;4.25.1&#8243; _module_preset=&#8221;default&#8221; custom_padding=&#8221;40px|40px|40px|40px|true|true&#8221; custom_padding_tablet=&#8221;30px|30px|30px|30px|true|true&#8221; custom_padding_phone=&#8221;20px|20px|20px|20px|true|true&#8221; border_width_all=&#8221;2px&#8221; border_color_all=&#8221;rgba(0,0,0,0.12)&#8221; global_colors_info=&#8221;{}&#8221;][et_pb_column type=&#8221;4_4&#8243; _builder_version=&#8221;4.25.1&#8243; _module_preset=&#8221;default&#8221; global_colors_info=&#8221;{}&#8221;][et_pb_heading title=&#8221;La meva hist\u00f2ria&#8221; _builder_version=&#8221;4.27.4&#8243; _module_preset=&#8221;6b6fadd3-9684-42c9-989c-70aa137bd818&#8243; custom_margin=&#8221;||10px||false|false&#8221; hover_enabled=&#8221;0&#8243; locked=&#8221;off&#8221; title_font=&#8221;||||||||&#8221; sticky_enabled=&#8221;0&#8243;][\/et_pb_heading][et_pb_text _builder_version=&#8221;4.27.4&#8243; _module_preset=&#8221;cb71cdac-07b6-45c9-8d82-d4c1baccc4c0&#8243; locked=&#8221;off&#8221; global_colors_info=&#8221;{}&#8221;]<\/p>\n<p class=\"western\"><span style=\"font-family: Arial, sans-serif;\">Des de ben petita, he estat una persona molt aficionada a la lectura i el meu somni era treballar en el m\u00f3n dels llibres&#8230;una editorial, una llibreria, una ag\u00e8ncia liter\u00e0ria&#8230; Despr\u00e9s d&#8217;anys treballant a l&#8217;administraci\u00f3 p\u00fablica, els astres s&#8217;han conjugat i no he volgut deixar passar l&#8217;oportunitat de fer realitat aquell somni i, a m\u00e9s, fer-ho al meu poble: la R\u00e0pita.\u00a0<\/span><\/p>\n<p class=\"western\"><span style=\"font-family: Arial, sans-serif;\">La tenacitat, l&#8217;esfor\u00e7, el treball, el suport i la implicaci\u00f3 de tota la fam\u00edlia, sobretot, del meu marit, Pepe, han fet possible que les portes de la llibreria <\/span><strong><span style=\"font-family: Arial, sans-serif;\">Lle.3<\/span><\/strong><span style=\"font-family: Arial, sans-serif;\"> s&#8217;obrissin el 2 de novembre de 2024.<\/span><\/p>\n<p class=\"western\"><span style=\"font-family: Arial, sans-serif;\">Aquest projecte vol convertir-se en un punt de trobada per als lectors i els amants de la cultura. Un espai que inspira a descobrir noves hist\u00f2ries, a perdre&#8217;s entre les p\u00e0gines dels llibres, descobrir nous mons, inspirar-se, viure, degustar i compartir la lectura, la m\u00fasica, l&#8217;art, el coneixement, el debat. <\/span><\/p>\n<p class=\"western\"><span style=\"font-family: Arial, sans-serif;\">Situada al carrer Sant Sebasti\u00e0, 37, <\/span><strong><span style=\"font-family: Arial, sans-serif;\">Lle.3<\/span><\/strong><span style=\"font-family: Arial, sans-serif;\"> t&#8217;ofereix un ambient acollidor, on cada rac\u00f3 ha estat pensat per despertar l\u2019amor per la lectura. A m\u00e9s de la selecci\u00f3 de llibres, volem potenciar i promoure la cultura amb una \u00e0mplia agenda d\u2019activitats per a tots els gustos i edats. Contacontes, presentacions de llibres, tallers literaris, recitals de poesia i un espai dedicat a la m\u00fasica s\u00f3n algunes de les propostes.<\/span><\/p>\n<p class=\"western\"><span style=\"font-family: Arial, sans-serif;\">En aquest sentit, us convido a tothom a venir-hi, a explorar els nostres espais i, sobretot, a formar part d\u2019aquesta nova aventura i entre tothom fer gran aquest raconet de la cultura de la R\u00e0pita.<\/span><\/p>\n<p class=\"western\"><span style=\"font-family: Arial, sans-serif;\">Us esperem a <\/span><strong><span style=\"font-family: Arial, sans-serif;\">Lle.3<\/span><\/strong><span style=\"font-family: Arial, sans-serif;\">, on cada llibre \u00e9s una porta oberta a un m\u00f3n nou i cada activitat una invitaci\u00f3 a connectar-nos amb la cultura.<\/span><\/p>\n<p>[\/et_pb_text][\/et_pb_column][\/et_pb_row][\/et_pb_section][et_pb_section fb_built=&#8221;1&#8243; admin_label=&#8221;Footer&#8221; _builder_version=&#8221;4.27.4&#8243; _module_preset=&#8221;default&#8221; background_color=&#8221;gcid-530baf18-6aca-4d61-8496-2c5df0e0a0ca&#8221; custom_margin=&#8221;0px||||false|false&#8221; global_module=&#8221;98&#8243; saved_tabs=&#8221;all&#8221; locked=&#8221;off&#8221; collapsed=&#8221;on&#8221; global_colors_info=&#8221;{%22gcid-530baf18-6aca-4d61-8496-2c5df0e0a0ca%22:%91%22background_color%22%93}&#8221;][et_pb_row column_structure=&#8221;1_3,1_3,1_3&#8243; _builder_version=&#8221;4.27.4&#8243; _module_preset=&#8221;default&#8221; module_alignment=&#8221;center&#8221; global_colors_info=&#8221;{}&#8221;][et_pb_column type=&#8221;1_3&#8243; _builder_version=&#8221;4.25.1&#8243; _module_preset=&#8221;default&#8221; global_colors_info=&#8221;{}&#8221;][et_pb_image src=&#8221;http:\/\/lle3espaicultural.com\/wp-content\/uploads\/2025\/02\/logolle3minW.png&#8221; title_text=&#8221;logolle3minW&#8221; _builder_version=&#8221;4.27.4&#8243; _module_preset=&#8221;default&#8221; max_width=&#8221;40%&#8221; max_width_tablet=&#8221;&#8221; max_width_phone=&#8221;&#8221; max_width_last_edited=&#8221;on|desktop&#8221; global_colors_info=&#8221;{}&#8221;][\/et_pb_image][et_pb_text _builder_version=&#8221;4.27.4&#8243; _dynamic_attributes=&#8221;link_option_url&#8221; _module_preset=&#8221;75b5dd0c-f985-4a08-b761-2a99daeb180a&#8221; text_font_size=&#8221;12px&#8221; link_text_color=&#8221;#8800ff&#8221; text_orientation=&#8221;center&#8221; custom_margin=&#8221;||0px|||&#8221; link_option_url=&#8221;@ET-DC@eyJkeW5hbWljIjp0cnVlLCJjb250ZW50IjoicG9zdF9saW5rX3VybF9wYWdlIiwic2V0dGluZ3MiOnsicG9zdF9pZCI6IjEwNiJ9fQ==@&#8221; global_colors_info=&#8221;{%22gcid-secondary-color%22:%91%22link_text_color%22,%22link_text_color%22,%22link_text_color%22,%22link_text_color%22,%22link_text_color%22,%22link_text_color%22%93}&#8221;]<\/p>\n<p style=\"text-align: left;\"><span>Av\u00eds Legal<br \/><\/span><\/p>\n<p>[\/et_pb_text][et_pb_text _builder_version=&#8221;4.27.4&#8243; _dynamic_attributes=&#8221;link_option_url&#8221; _module_preset=&#8221;75b5dd0c-f985-4a08-b761-2a99daeb180a&#8221; text_font_size=&#8221;12px&#8221; link_text_color=&#8221;#8800ff&#8221; text_orientation=&#8221;center&#8221; link_option_url=&#8221;@ET-DC@eyJkeW5hbWljIjp0cnVlLCJjb250ZW50IjoicG9zdF9saW5rX3VybF9wYWdlIiwic2V0dGluZ3MiOnsicG9zdF9pZCI6IjExMyJ9fQ==@&#8221; global_colors_info=&#8221;{%22gcid-secondary-color%22:%91%22link_text_color%22,%22link_text_color%22,%22link_text_color%22,%22link_text_color%22,%22link_text_color%22,%22link_text_color%22%93}&#8221;]<\/p>\n<p style=\"text-align: left;\"><span>Pol\u00edtica de privacitat<\/span><span style=\"text-decoration: underline; color: #ffffff;\"><strong><a href=\"mailto:%20lle3espaicultural@gmail.com\" style=\"color: #ffffff; text-decoration: underline;\"><\/a><\/strong><\/span><\/p>\n<p>[\/et_pb_text][\/et_pb_column][et_pb_column type=&#8221;1_3&#8243; _builder_version=&#8221;4.25.1&#8243; _module_preset=&#8221;default&#8221; global_colors_info=&#8221;{}&#8221;][et_pb_image src=&#8221;http:\/\/lle3espaicultural.com\/wp-content\/uploads\/2025\/02\/Captura-de-pantalla-2025-02-19-a-las-12.46.30.png&#8221; title_text=&#8221;Captura de pantalla 2025-02-19 a las 12.46.30&#8243; _builder_version=&#8221;4.27.4&#8243; _module_preset=&#8221;default&#8221; max_width=&#8221;100px&#8221; max_width_last_edited=&#8221;off|desktop&#8221; module_alignment=&#8221;center&#8221; max_height=&#8221;100px&#8221; custom_margin=&#8221;|110px||||&#8221; filter_saturate=&#8221;0%&#8221; locked=&#8221;off&#8221; global_colors_info=&#8221;{}&#8221;][\/et_pb_image][et_pb_text _builder_version=&#8221;4.25.1&#8243; _module_preset=&#8221;75b5dd0c-f985-4a08-b761-2a99daeb180a&#8221; text_text_color=&#8221;gcid-834db33f-400f-4068-917d-2de62be3172e&#8221; link_text_color=&#8221;#8800ff&#8221; text_orientation=&#8221;center&#8221; global_colors_info=&#8221;{%22gcid-secondary-color%22:%91%22link_text_color%22,%22link_text_color%22,%22link_text_color%22,%22link_text_color%22,%22link_text_color%22%93,%22gcid-834db33f-400f-4068-917d-2de62be3172e%22:%91%22text_text_color%22%93}&#8221;]<\/p>\n<p><strong>Lle.3<\/strong> \u00e9s el resultat del somni i la passi\u00f3 d\u2019\u00c0ngels Caparr\u00f3s. Dona de lletres \u2018pures\u2019 va estudiar Filologia Catalana a la Universitat de Barcelona.<\/p>\n<p>[\/et_pb_text][\/et_pb_column][et_pb_column type=&#8221;1_3&#8243; _builder_version=&#8221;4.25.1&#8243; _module_preset=&#8221;default&#8221; global_colors_info=&#8221;{}&#8221;][et_pb_text _builder_version=&#8221;4.27.4&#8243; _module_preset=&#8221;75b5dd0c-f985-4a08-b761-2a99daeb180a&#8221; text_font_size=&#8221;12px&#8221; link_font=&#8221;|||||||RGBA(255,255,255,0)|&#8221; link_text_color=&#8221;#FFFFFF&#8221; text_orientation=&#8221;center&#8221; global_colors_info=&#8221;{}&#8221;]<\/p>\n<p style=\"text-align: right;\"><span><strong>Sant Sebasti\u00e0, 37<\/strong><br \/>43540 La R\u00e0pita<br \/>Tarragona<br \/><strong>+34 654 82 58 16<\/strong><\/span><\/p>\n<p style=\"text-align: right;\"><span style=\"color: #ffffff;\"><strong><a href=\"mailto:%20lle3espaicultural@gmail.com\" style=\"color: #ffffff;\">lle3espaicultural@gmail.com<\/a><\/strong><\/span><\/p>\n<p>[\/et_pb_text][et_pb_social_media_follow icon_color=&#8221;#FFFFFF&#8221; _builder_version=&#8221;4.27.4&#8243; _module_preset=&#8221;default&#8221; text_orientation=&#8221;right&#8221; global_colors_info=&#8221;{}&#8221;][et_pb_social_media_follow_network social_network=&#8221;facebook&#8221; _builder_version=&#8221;4.25.1&#8243; _module_preset=&#8221;default&#8221; global_colors_info=&#8221;{}&#8221; follow_button=&#8221;off&#8221; url_new_window=&#8221;on&#8221;]facebook[\/et_pb_social_media_follow_network][et_pb_social_media_follow_network social_network=&#8221;instagram&#8221; _builder_version=&#8221;4.25.1&#8243; _module_preset=&#8221;default&#8221; global_colors_info=&#8221;{}&#8221; follow_button=&#8221;off&#8221; url_new_window=&#8221;on&#8221;]instagram[\/et_pb_social_media_follow_network][et_pb_social_media_follow_network social_network=&#8221;linkedin&#8221; _builder_version=&#8221;4.25.1&#8243; _module_preset=&#8221;default&#8221; global_colors_info=&#8221;{}&#8221; follow_button=&#8221;off&#8221; url_new_window=&#8221;on&#8221;]linkedin[\/et_pb_social_media_follow_network][\/et_pb_social_media_follow][\/et_pb_column][\/et_pb_row][et_pb_row _builder_version=&#8221;4.27.4&#8243; _module_preset=&#8221;default&#8221; global_colors_info=&#8221;{}&#8221;][et_pb_column type=&#8221;4_4&#8243; _builder_version=&#8221;4.27.4&#8243; _module_preset=&#8221;default&#8221; global_colors_info=&#8221;{}&#8221;][et_pb_image src=&#8221;http:\/\/lle3espaicultural.com\/wp-content\/uploads\/2025\/06\/CONBANDERA_KITDIGITAL-2-scaled.png&#8221; title_text=&#8221;CONBANDERA_KITDIGITAL-2&#8243; _builder_version=&#8221;4.27.4&#8243; _module_preset=&#8221;default&#8221; background_color=&#8221;#FFFFFF&#8221; custom_padding=&#8221;12px|12px|12px|12px|true|true&#8221; global_colors_info=&#8221;{}&#8221;][\/et_pb_image][\/et_pb_column][\/et_pb_row][\/et_pb_section]<\/p>\n","protected":false},"excerpt":{"rendered":"<p>Dona de lletres \u2018pures\u2019 vaig estudiar Filologia Catalana a la Universitat de Barcelona. Els darrers m\u00e9s de vint anys he estat treballant en el m\u00f3n de la comunicaci\u00f3, com a responsable de Premsa, Protocol i Relacions Institucionals a la Delegaci\u00f3 del Govern a les Terres de l&#8217;Ebre i, anteriorment, a l&#8217;Ajuntament de la R\u00e0pita.Des de [&hellip;]<\/p>\n","protected":false},"author":1,"featured_media":0,"parent":0,"menu_order":0,"comment_status":"closed","ping_status":"closed","template":"page-template-blank.php","meta":{"_et_pb_use_builder":"on","_et_pb_old_content":"","_et_gb_content_width":"","footnotes":""},"class_list":["post-150","page","type-page","status-publish","hentry"],"yoast_head":"<!-- This site is optimized with the Yoast SEO plugin v27.2 - https:\/\/yoast.com\/product\/yoast-seo-wordpress\/ -->\n<title>Qu\u00e8? - Lle.3<\/title>\n<meta name=\"robots\" content=\"index, follow, max-snippet:-1, max-image-preview:large, max-video-preview:-1\" \/>\n<link rel=\"canonical\" href=\"https:\/\/lle3espaicultural.com\/es\/que\/\" \/>\n<meta property=\"og:locale\" content=\"es_ES\" \/>\n<meta property=\"og:type\" content=\"article\" \/>\n<meta property=\"og:title\" content=\"Qu\u00e8? - Lle.3\" \/>\n<meta property=\"og:description\" content=\"Dona de lletres \u2018pures\u2019 vaig estudiar Filologia Catalana a la Universitat de Barcelona. Els darrers m\u00e9s de vint anys he estat treballant en el m\u00f3n de la comunicaci\u00f3, com a responsable de Premsa, Protocol i Relacions Institucionals a la Delegaci\u00f3 del Govern a les Terres de l&#039;Ebre i, anteriorment, a l&#039;Ajuntament de la R\u00e0pita.Des de [&hellip;]\" \/>\n<meta property=\"og:url\" content=\"https:\/\/lle3espaicultural.com\/es\/que\/\" \/>\n<meta property=\"og:site_name\" content=\"Lle.3\" \/>\n<meta property=\"article:modified_time\" content=\"2025-09-18T09:34:50+00:00\" \/>\n<meta name=\"twitter:card\" content=\"summary_large_image\" \/>\n<meta name=\"twitter:label1\" content=\"Tiempo de lectura\" \/>\n\t<meta name=\"twitter:data1\" content=\"8 minutos\" \/>\n<script type=\"application\/ld+json\" class=\"yoast-schema-graph\">{\"@context\":\"https:\/\/schema.org\",\"@graph\":[{\"@type\":\"WebPage\",\"@id\":\"https:\/\/lle3espaicultural.com\/que\/\",\"url\":\"https:\/\/lle3espaicultural.com\/que\/\",\"name\":\"Qu\u00e8? - Lle.3\",\"isPartOf\":{\"@id\":\"https:\/\/lle3espaicultural.com\/#website\"},\"datePublished\":\"2025-02-21T11:10:47+00:00\",\"dateModified\":\"2025-09-18T09:34:50+00:00\",\"breadcrumb\":{\"@id\":\"https:\/\/lle3espaicultural.com\/que\/#breadcrumb\"},\"inLanguage\":\"es\",\"potentialAction\":[{\"@type\":\"ReadAction\",\"target\":[\"https:\/\/lle3espaicultural.com\/que\/\"]}]},{\"@type\":\"BreadcrumbList\",\"@id\":\"https:\/\/lle3espaicultural.com\/que\/#breadcrumb\",\"itemListElement\":[{\"@type\":\"ListItem\",\"position\":1,\"name\":\"Portada\",\"item\":\"https:\/\/lle3espaicultural.com\/\"},{\"@type\":\"ListItem\",\"position\":2,\"name\":\"Qu\u00e8?\"}]},{\"@type\":\"WebSite\",\"@id\":\"https:\/\/lle3espaicultural.com\/#website\",\"url\":\"https:\/\/lle3espaicultural.com\/\",\"name\":\"Lle.3\",\"description\":\"Espai Cultural\",\"publisher\":{\"@id\":\"https:\/\/lle3espaicultural.com\/#organization\"},\"potentialAction\":[{\"@type\":\"SearchAction\",\"target\":{\"@type\":\"EntryPoint\",\"urlTemplate\":\"https:\/\/lle3espaicultural.com\/?s={search_term_string}\"},\"query-input\":{\"@type\":\"PropertyValueSpecification\",\"valueRequired\":true,\"valueName\":\"search_term_string\"}}],\"inLanguage\":\"es\"},{\"@type\":\"Organization\",\"@id\":\"https:\/\/lle3espaicultural.com\/#organization\",\"name\":\"Lle.3\",\"url\":\"https:\/\/lle3espaicultural.com\/\",\"logo\":{\"@type\":\"ImageObject\",\"inLanguage\":\"es\",\"@id\":\"https:\/\/lle3espaicultural.com\/#\/schema\/logo\/image\/\",\"url\":\"https:\/\/lle3espaicultural.com\/wp-content\/uploads\/2025\/02\/logolle3min.png\",\"contentUrl\":\"https:\/\/lle3espaicultural.com\/wp-content\/uploads\/2025\/02\/logolle3min.png\",\"width\":500,\"height\":250,\"caption\":\"Lle.3\"},\"image\":{\"@id\":\"https:\/\/lle3espaicultural.com\/#\/schema\/logo\/image\/\"}}]}<\/script>\n<!-- \/ Yoast SEO plugin. -->","yoast_head_json":{"title":"Qu\u00e8? - Lle.3","robots":{"index":"index","follow":"follow","max-snippet":"max-snippet:-1","max-image-preview":"max-image-preview:large","max-video-preview":"max-video-preview:-1"},"canonical":"https:\/\/lle3espaicultural.com\/es\/que\/","og_locale":"es_ES","og_type":"article","og_title":"Qu\u00e8? - Lle.3","og_description":"Dona de lletres \u2018pures\u2019 vaig estudiar Filologia Catalana a la Universitat de Barcelona. Els darrers m\u00e9s de vint anys he estat treballant en el m\u00f3n de la comunicaci\u00f3, com a responsable de Premsa, Protocol i Relacions Institucionals a la Delegaci\u00f3 del Govern a les Terres de l'Ebre i, anteriorment, a l'Ajuntament de la R\u00e0pita.Des de [&hellip;]","og_url":"https:\/\/lle3espaicultural.com\/es\/que\/","og_site_name":"Lle.3","article_modified_time":"2025-09-18T09:34:50+00:00","twitter_card":"summary_large_image","twitter_misc":{"Tiempo de lectura":"8 minutos"},"schema":{"@context":"https:\/\/schema.org","@graph":[{"@type":"WebPage","@id":"https:\/\/lle3espaicultural.com\/que\/","url":"https:\/\/lle3espaicultural.com\/que\/","name":"Qu\u00e8? - Lle.3","isPartOf":{"@id":"https:\/\/lle3espaicultural.com\/#website"},"datePublished":"2025-02-21T11:10:47+00:00","dateModified":"2025-09-18T09:34:50+00:00","breadcrumb":{"@id":"https:\/\/lle3espaicultural.com\/que\/#breadcrumb"},"inLanguage":"es","potentialAction":[{"@type":"ReadAction","target":["https:\/\/lle3espaicultural.com\/que\/"]}]},{"@type":"BreadcrumbList","@id":"https:\/\/lle3espaicultural.com\/que\/#breadcrumb","itemListElement":[{"@type":"ListItem","position":1,"name":"Portada","item":"https:\/\/lle3espaicultural.com\/"},{"@type":"ListItem","position":2,"name":"Qu\u00e8?"}]},{"@type":"WebSite","@id":"https:\/\/lle3espaicultural.com\/#website","url":"https:\/\/lle3espaicultural.com\/","name":"Lle.3","description":"Espai Cultural","publisher":{"@id":"https:\/\/lle3espaicultural.com\/#organization"},"potentialAction":[{"@type":"SearchAction","target":{"@type":"EntryPoint","urlTemplate":"https:\/\/lle3espaicultural.com\/?s={search_term_string}"},"query-input":{"@type":"PropertyValueSpecification","valueRequired":true,"valueName":"search_term_string"}}],"inLanguage":"es"},{"@type":"Organization","@id":"https:\/\/lle3espaicultural.com\/#organization","name":"Lle.3","url":"https:\/\/lle3espaicultural.com\/","logo":{"@type":"ImageObject","inLanguage":"es","@id":"https:\/\/lle3espaicultural.com\/#\/schema\/logo\/image\/","url":"https:\/\/lle3espaicultural.com\/wp-content\/uploads\/2025\/02\/logolle3min.png","contentUrl":"https:\/\/lle3espaicultural.com\/wp-content\/uploads\/2025\/02\/logolle3min.png","width":500,"height":250,"caption":"Lle.3"},"image":{"@id":"https:\/\/lle3espaicultural.com\/#\/schema\/logo\/image\/"}}]}},"_links":{"self":[{"href":"https:\/\/lle3espaicultural.com\/es\/wp-json\/wp\/v2\/pages\/150","targetHints":{"allow":["GET"]}}],"collection":[{"href":"https:\/\/lle3espaicultural.com\/es\/wp-json\/wp\/v2\/pages"}],"about":[{"href":"https:\/\/lle3espaicultural.com\/es\/wp-json\/wp\/v2\/types\/page"}],"author":[{"embeddable":true,"href":"https:\/\/lle3espaicultural.com\/es\/wp-json\/wp\/v2\/users\/1"}],"replies":[{"embeddable":true,"href":"https:\/\/lle3espaicultural.com\/es\/wp-json\/wp\/v2\/comments?post=150"}],"version-history":[{"count":5,"href":"https:\/\/lle3espaicultural.com\/es\/wp-json\/wp\/v2\/pages\/150\/revisions"}],"predecessor-version":[{"id":1077,"href":"https:\/\/lle3espaicultural.com\/es\/wp-json\/wp\/v2\/pages\/150\/revisions\/1077"}],"wp:attachment":[{"href":"https:\/\/lle3espaicultural.com\/es\/wp-json\/wp\/v2\/media?parent=150"}],"curies":[{"name":"wp","href":"https:\/\/api.w.org\/{rel}","templated":true}]}}