{"id":42,"date":"2025-02-06T14:30:20","date_gmt":"2025-02-06T14:30:20","guid":{"rendered":"https:\/\/lle3espaicultural.com\/?page_id=42"},"modified":"2026-03-26T16:06:53","modified_gmt":"2026-03-26T16:06:53","slug":"contacte","status":"publish","type":"page","link":"https:\/\/lle3espaicultural.com\/es\/contacte\/","title":{"rendered":"contacte"},"content":{"rendered":"<p>[et_pb_section fb_built=&#8221;1&#8243; fullwidth=&#8221;on&#8221; _builder_version=&#8221;4.27.4&#8243; _module_preset=&#8221;default&#8221; animation_style=&#8221;fade&#8221; sticky_position=&#8221;top&#8221; locked=&#8221;off&#8221; global_colors_info=&#8221;{}&#8221;][et_pb_fullwidth_menu logo=&#8221;http:\/\/lle3espaicultural.com\/wp-content\/uploads\/2025\/02\/logolle3min.png&#8221; logo_height=&#8221;50px&#8221; _builder_version=&#8221;4.27.4&#8243; _module_preset=&#8221;default&#8221; menu_font=&#8221;Archivo||||||||&#8221; menu_font_size=&#8221;16px&#8221; text_orientation=&#8221;right&#8221; global_colors_info=&#8221;{}&#8221;][\/et_pb_fullwidth_menu][\/et_pb_section][et_pb_section fb_built=&#8221;1&#8243; admin_label=&#8221;Header &#038; Contact&#8221; _builder_version=&#8221;4.27.4&#8243; _module_preset=&#8221;default&#8221; background_enable_image=&#8221;off&#8221; collapsed=&#8221;on&#8221; global_colors_info=&#8221;{}&#8221;][et_pb_row _builder_version=&#8221;4.25.1&#8243; _module_preset=&#8221;default&#8221; global_colors_info=&#8221;{}&#8221;][et_pb_column type=&#8221;4_4&#8243; _builder_version=&#8221;4.25.1&#8243; _module_preset=&#8221;default&#8221; global_colors_info=&#8221;{}&#8221;][et_pb_heading title=&#8221;Contacta!&#8221; _builder_version=&#8221;4.27.4&#8243; _module_preset=&#8221;f79560a2-65ad-4e4a-810b-cf9173b54d11&#8243; title_font=&#8221;&#8211;et_global_heading_font||||||||&#8221; custom_margin=&#8221;||10px||false|false&#8221; locked=&#8221;off&#8221; global_colors_info=&#8221;{}&#8221;][\/et_pb_heading][\/et_pb_column][\/et_pb_row][et_pb_row column_structure=&#8221;3_5,2_5&#8243; _builder_version=&#8221;4.27.4&#8243; _module_preset=&#8221;default&#8221; global_colors_info=&#8221;{}&#8221;][et_pb_column type=&#8221;3_5&#8243; _builder_version=&#8221;4.25.1&#8243; _module_preset=&#8221;default&#8221; global_colors_info=&#8221;{}&#8221;][et_pb_contact_form captcha=&#8221;off&#8221; email=&#8221;lle3espaicultural@gmail.com&#8221; success_message=&#8221;Enviat correctament!&#8221; submit_button_text=&#8221;ENVIAR FORMULARI&#8221; _builder_version=&#8221;4.27.4&#8243; _module_preset=&#8221;da30bc5d-a1c9-4aee-9794-3dbe75216b29&#8243; _unique_id=&#8221;4b1010d1-f20c-47f4-b1c1-2f1369aacad5&#8243; title_font=&#8221;&#8211;et_global_heading_font||||||||&#8221; button_bg_color=&#8221;#212121&#8243; hover_enabled=&#8221;0&#8243; global_colors_info=&#8221;{%22gcid-834db33f-400f-4068-917d-2de62be3172e%22:%91%22border_color_all%22%93}&#8221; sticky_enabled=&#8221;0&#8243;][et_pb_contact_field field_id=&#8221;Name&#8221; field_title=&#8221;Nom&#8221; fullwidth_field=&#8221;on&#8221; _builder_version=&#8221;4.27.4&#8243; _module_preset=&#8221;default&#8221; form_field_font=&#8221;Archivo|700||on|||||&#8221; global_colors_info=&#8221;{}&#8221; button_text_size__hover_enabled=&#8221;off&#8221; button_one_text_size__hover_enabled=&#8221;off&#8221; button_two_text_size__hover_enabled=&#8221;off&#8221; button_text_color__hover_enabled=&#8221;off&#8221; button_one_text_color__hover_enabled=&#8221;off&#8221; button_two_text_color__hover_enabled=&#8221;off&#8221; button_border_width__hover_enabled=&#8221;off&#8221; button_one_border_width__hover_enabled=&#8221;off&#8221; button_two_border_width__hover_enabled=&#8221;off&#8221; button_border_color__hover_enabled=&#8221;off&#8221; button_one_border_color__hover_enabled=&#8221;off&#8221; button_two_border_color__hover_enabled=&#8221;off&#8221; button_border_radius__hover_enabled=&#8221;off&#8221; button_one_border_radius__hover_enabled=&#8221;off&#8221; button_two_border_radius__hover_enabled=&#8221;off&#8221; button_letter_spacing__hover_enabled=&#8221;off&#8221; button_one_letter_spacing__hover_enabled=&#8221;off&#8221; button_two_letter_spacing__hover_enabled=&#8221;off&#8221; button_bg_color__hover_enabled=&#8221;off&#8221; button_one_bg_color__hover_enabled=&#8221;off&#8221; button_two_bg_color__hover_enabled=&#8221;off&#8221;][\/et_pb_contact_field][et_pb_contact_field field_id=&#8221;Email&#8221; field_title=&#8221;mail &#8221; field_type=&#8221;email&#8221; fullwidth_field=&#8221;on&#8221; _builder_version=&#8221;4.27.4&#8243; _module_preset=&#8221;default&#8221; form_field_font=&#8221;Archivo|700||on|||||&#8221; global_colors_info=&#8221;{}&#8221; button_text_size__hover_enabled=&#8221;off&#8221; button_one_text_size__hover_enabled=&#8221;off&#8221; button_two_text_size__hover_enabled=&#8221;off&#8221; button_text_color__hover_enabled=&#8221;off&#8221; button_one_text_color__hover_enabled=&#8221;off&#8221; button_two_text_color__hover_enabled=&#8221;off&#8221; button_border_width__hover_enabled=&#8221;off&#8221; button_one_border_width__hover_enabled=&#8221;off&#8221; button_two_border_width__hover_enabled=&#8221;off&#8221; button_border_color__hover_enabled=&#8221;off&#8221; button_one_border_color__hover_enabled=&#8221;off&#8221; button_two_border_color__hover_enabled=&#8221;off&#8221; button_border_radius__hover_enabled=&#8221;off&#8221; button_one_border_radius__hover_enabled=&#8221;off&#8221; button_two_border_radius__hover_enabled=&#8221;off&#8221; button_letter_spacing__hover_enabled=&#8221;off&#8221; button_one_letter_spacing__hover_enabled=&#8221;off&#8221; button_two_letter_spacing__hover_enabled=&#8221;off&#8221; button_bg_color__hover_enabled=&#8221;off&#8221; button_one_bg_color__hover_enabled=&#8221;off&#8221; button_two_bg_color__hover_enabled=&#8221;off&#8221;][\/et_pb_contact_field][et_pb_contact_field field_id=&#8221;Message&#8221; field_title=&#8221;Missatge&#8221; field_type=&#8221;text&#8221; fullwidth_field=&#8221;on&#8221; _builder_version=&#8221;4.27.4&#8243; _module_preset=&#8221;default&#8221; form_field_font=&#8221;Archivo|700||on|||||&#8221; global_colors_info=&#8221;{}&#8221; button_text_size__hover_enabled=&#8221;off&#8221; button_one_text_size__hover_enabled=&#8221;off&#8221; button_two_text_size__hover_enabled=&#8221;off&#8221; button_text_color__hover_enabled=&#8221;off&#8221; button_one_text_color__hover_enabled=&#8221;off&#8221; button_two_text_color__hover_enabled=&#8221;off&#8221; button_border_width__hover_enabled=&#8221;off&#8221; button_one_border_width__hover_enabled=&#8221;off&#8221; button_two_border_width__hover_enabled=&#8221;off&#8221; button_border_color__hover_enabled=&#8221;off&#8221; button_one_border_color__hover_enabled=&#8221;off&#8221; button_two_border_color__hover_enabled=&#8221;off&#8221; button_border_radius__hover_enabled=&#8221;off&#8221; button_one_border_radius__hover_enabled=&#8221;off&#8221; button_two_border_radius__hover_enabled=&#8221;off&#8221; button_letter_spacing__hover_enabled=&#8221;off&#8221; button_one_letter_spacing__hover_enabled=&#8221;off&#8221; button_two_letter_spacing__hover_enabled=&#8221;off&#8221; button_bg_color__hover_enabled=&#8221;off&#8221; button_one_bg_color__hover_enabled=&#8221;off&#8221; button_two_bg_color__hover_enabled=&#8221;off&#8221;][\/et_pb_contact_field][et_pb_contact_field field_id=&#8221;privacitat&#8221; field_title=&#8221;Acceptar&#8221; field_type=&#8221;checkbox&#8221; checkbox_options=&#8221;%91{%22value%22:%22He le\u00eddo y acepto la Pol\u00edtica de Privacidad lle3espaicultural.com\/avis-legal%22,%22checked%22:0,%22dragID%22:-1}%93&#8243; fullwidth_field=&#8221;on&#8221; _builder_version=&#8221;4.27.4&#8243; _module_preset=&#8221;default&#8221; custom_css_free_form=&#8221;.et_pb_contact_form .et_pb_contact_submit.et_pb_button_disabled {||    opacity: 0.5;||    cursor: not-allowed;||    pointer-events: none;||}&#8221; global_colors_info=&#8221;{}&#8221;][\/et_pb_contact_field][\/et_pb_contact_form][\/et_pb_column][et_pb_column type=&#8221;2_5&#8243; _builder_version=&#8221;4.27.4&#8243; _module_preset=&#8221;default&#8221; background_color=&#8221;gcid-545c17f1-4e53-478d-9e2b-03daafc524a2&#8243; background_image=&#8221;http:\/\/lle3espaicultural.com\/wp-content\/uploads\/2025\/02\/white-texture.png&#8221; custom_padding=&#8221;30px|40px|50px|40px|false|true&#8221; custom_padding_tablet=&#8221;|30px||30px|true|true&#8221; custom_padding_phone=&#8221;0px|20px|20px|20px|false|true&#8221; custom_padding_last_edited=&#8221;on|tablet&#8221; global_colors_info=&#8221;{%22gcid-545c17f1-4e53-478d-9e2b-03daafc524a2%22:%91%22background_color%22%93}&#8221;][et_pb_accordion open_toggle_background_color=&#8221;RGBA(255,255,255,0)&#8221; closed_toggle_background_color=&#8221;RGBA(255,255,255,0)&#8221; toggle_icon=&#8221;&#xf067;||fa||900&#8243; _builder_version=&#8221;4.27.4&#8243; _module_preset=&#8221;4b546edf-b87d-459b-8b53-a4036ab10ca7&#8243; toggle_font=&#8221;Inter|700||on|||||&#8221; toggle_font_size=&#8221;14px&#8221; toggle_letter_spacing=&#8221;1px&#8221; toggle_line_height=&#8221;1.8em&#8221; body_font=&#8221;Inter||||||||&#8221; body_line_height=&#8221;1.8em&#8221; body_link_text_color=&#8221;gcid-880c38f1-a6fc-40a7-920b-f6027d5f269c&#8221; body_font_size_tablet=&#8221;15px&#8221; body_font_size_phone=&#8221;14px&#8221; body_font_size_last_edited=&#8221;on|desktop&#8221; border_width_all=&#8221;0px&#8221; border_color_all=&#8221;rgba(0,0,0,0.12)&#8221; border_width_bottom=&#8221;2px&#8221; locked=&#8221;off&#8221; global_colors_info=&#8221;{%22gcid-880c38f1-a6fc-40a7-920b-f6027d5f269c%22:%91%22icon_color%22,%22body_link_text_color%22%93,%22gcid-545c17f1-4e53-478d-9e2b-03daafc524a2%22:%91%22open_toggle_background_color%22,%22closed_toggle_background_color%22,%22open_toggle_background_color%22,%22closed_toggle_background_color%22,%22open_toggle_background_color%22,%22closed_toggle_background_color%22%93,%22gcid-secondary-color%22:%91%22icon_color%22,%22icon_color%22,%22icon_color%22%93}&#8221;][et_pb_accordion_item title=&#8221;Adre\u00e7a&#8221; open=&#8221;on&#8221; _builder_version=&#8221;4.27.4&#8243; _module_preset=&#8221;e0b98b98-3010-4bfa-81b3-aac0affb57d1&#8243; body_text_color=&#8221;#212121&#8243; global_colors_info=&#8221;{}&#8221;]<\/p>\n<p><span style=\"color: #333300;\"><strong>Sant Sebasti\u00e0, 37<\/strong><br \/>43540 La R\u00e0pita<br \/>Tarragona<br \/><strong>+34 654 82 58 16<\/strong><br \/><\/span><span style=\"color: #333300;\"><\/span><\/p>\n<p><span style=\"color: #333300;\"><a href=\"#\" style=\"color: #333300;\">lle3espaicultural@gmail.com<\/a><\/span><\/p>\n<p>[\/et_pb_accordion_item][\/et_pb_accordion][\/et_pb_column][\/et_pb_row][\/et_pb_section][et_pb_section fb_built=&#8221;1&#8243; admin_label=&#8221;Footer&#8221; _builder_version=&#8221;4.27.4&#8243; _module_preset=&#8221;default&#8221; background_color=&#8221;gcid-530baf18-6aca-4d61-8496-2c5df0e0a0ca&#8221; custom_margin=&#8221;0px||||false|false&#8221; global_module=&#8221;98&#8243; saved_tabs=&#8221;all&#8221; locked=&#8221;off&#8221; collapsed=&#8221;on&#8221; global_colors_info=&#8221;{%22gcid-530baf18-6aca-4d61-8496-2c5df0e0a0ca%22:%91%22background_color%22%93}&#8221;][et_pb_row column_structure=&#8221;1_3,1_3,1_3&#8243; _builder_version=&#8221;4.27.4&#8243; _module_preset=&#8221;default&#8221; module_alignment=&#8221;center&#8221; custom_margin=&#8221;|auto||382px||&#8221; global_colors_info=&#8221;{}&#8221;][et_pb_column type=&#8221;1_3&#8243; _builder_version=&#8221;4.25.1&#8243; _module_preset=&#8221;default&#8221; global_colors_info=&#8221;{}&#8221;][et_pb_image src=&#8221;http:\/\/lle3espaicultural.com\/wp-content\/uploads\/2025\/02\/logolle3minW.png&#8221; title_text=&#8221;logolle3minW&#8221; _builder_version=&#8221;4.27.4&#8243; _module_preset=&#8221;default&#8221; max_width=&#8221;40%&#8221; max_width_tablet=&#8221;&#8221; max_width_phone=&#8221;&#8221; max_width_last_edited=&#8221;on|desktop&#8221; global_colors_info=&#8221;{}&#8221;][\/et_pb_image][et_pb_text _builder_version=&#8221;4.27.4&#8243; _dynamic_attributes=&#8221;link_option_url&#8221; _module_preset=&#8221;75b5dd0c-f985-4a08-b761-2a99daeb180a&#8221; text_font_size=&#8221;12px&#8221; link_text_color=&#8221;#8800ff&#8221; text_orientation=&#8221;center&#8221; custom_margin=&#8221;||0px|||&#8221; link_option_url=&#8221;@ET-DC@eyJkeW5hbWljIjp0cnVlLCJjb250ZW50IjoicG9zdF9saW5rX3VybF9wYWdlIiwic2V0dGluZ3MiOnsicG9zdF9pZCI6IjEwNiJ9fQ==@&#8221; global_colors_info=&#8221;{%22gcid-secondary-color%22:%91%22link_text_color%22,%22link_text_color%22,%22link_text_color%22,%22link_text_color%22,%22link_text_color%22,%22link_text_color%22%93}&#8221;]<\/p>\n<p style=\"text-align: left;\"><span>Av\u00eds Legal<br \/><\/span><\/p>\n<p>[\/et_pb_text][et_pb_text _builder_version=&#8221;4.27.4&#8243; _dynamic_attributes=&#8221;link_option_url&#8221; _module_preset=&#8221;75b5dd0c-f985-4a08-b761-2a99daeb180a&#8221; text_font_size=&#8221;12px&#8221; link_text_color=&#8221;#8800ff&#8221; text_orientation=&#8221;center&#8221; custom_margin=&#8221;||0px|||&#8221; link_option_url=&#8221;@ET-DC@eyJkeW5hbWljIjp0cnVlLCJjb250ZW50IjoicG9zdF9saW5rX3VybF9wYWdlIiwic2V0dGluZ3MiOnsicG9zdF9pZCI6IjE4MDkifX0=@&#8221; global_colors_info=&#8221;{%22gcid-secondary-color%22:%91%22link_text_color%22,%22link_text_color%22,%22link_text_color%22,%22link_text_color%22,%22link_text_color%22,%22link_text_color%22%93}&#8221;]<\/p>\n<p style=\"text-align: left;\"><span>Accessibilitat<br \/><\/span><\/p>\n<p>[\/et_pb_text][et_pb_text _builder_version=&#8221;4.27.4&#8243; _dynamic_attributes=&#8221;link_option_url&#8221; _module_preset=&#8221;75b5dd0c-f985-4a08-b761-2a99daeb180a&#8221; text_font_size=&#8221;12px&#8221; link_text_color=&#8221;#8800ff&#8221; text_orientation=&#8221;center&#8221; link_option_url=&#8221;@ET-DC@eyJkeW5hbWljIjp0cnVlLCJjb250ZW50IjoicG9zdF9saW5rX3VybF9wYWdlIiwic2V0dGluZ3MiOnsicG9zdF9pZCI6IjExMyJ9fQ==@&#8221; global_colors_info=&#8221;{%22gcid-secondary-color%22:%91%22link_text_color%22,%22link_text_color%22,%22link_text_color%22,%22link_text_color%22,%22link_text_color%22,%22link_text_color%22%93}&#8221;]<\/p>\n<p style=\"text-align: left;\"><span>Pol\u00edtica de privacitat<\/span><span style=\"text-decoration: underline; color: #ffffff;\"><strong><a <\/p>\n<p>[\/et_pb_text][\/et_pb_column][et_pb_column type=&#8221;1_3&#8243; _builder_version=&#8221;4.25.1&#8243; _module_preset=&#8221;default&#8221; global_colors_info=&#8221;{}&#8221;][et_pb_image src=&#8221;http:\/\/lle3espaicultural.com\/wp-content\/uploads\/2025\/02\/Captura-de-pantalla-2025-02-19-a-las-12.46.30.png&#8221; title_text=&#8221;Captura de pantalla 2025-02-19 a las 12.46.30&#8243; _builder_version=&#8221;4.27.4&#8243; _module_preset=&#8221;default&#8221; max_width=&#8221;100px&#8221; max_width_last_edited=&#8221;off|desktop&#8221; module_alignment=&#8221;center&#8221; max_height=&#8221;100px&#8221; custom_margin=&#8221;|110px||||&#8221; filter_saturate=&#8221;0%&#8221; locked=&#8221;off&#8221; global_colors_info=&#8221;{}&#8221;][\/et_pb_image][et_pb_text _builder_version=&#8221;4.25.1&#8243; _module_preset=&#8221;75b5dd0c-f985-4a08-b761-2a99daeb180a&#8221; text_text_color=&#8221;gcid-834db33f-400f-4068-917d-2de62be3172e&#8221; link_text_color=&#8221;#8800ff&#8221; text_orientation=&#8221;center&#8221; global_colors_info=&#8221;{%22gcid-secondary-color%22:%91%22link_text_color%22,%22link_text_color%22,%22link_text_color%22,%22link_text_color%22,%22link_text_color%22%93,%22gcid-834db33f-400f-4068-917d-2de62be3172e%22:%91%22text_text_color%22%93}&#8221;]<\/p>\n<p><strong>Lle.3<\/strong> \u00e9s el resultat del somni i la passi\u00f3 d\u2019\u00c0ngels Caparr\u00f3s. Dona de lletres \u2018pures\u2019 va estudiar Filologia Catalana a la Universitat de Barcelona.<\/p>\n<p>[\/et_pb_text][\/et_pb_column][et_pb_column type=&#8221;1_3&#8243; _builder_version=&#8221;4.25.1&#8243; _module_preset=&#8221;default&#8221; global_colors_info=&#8221;{}&#8221;][et_pb_text _builder_version=&#8221;4.27.4&#8243; _module_preset=&#8221;75b5dd0c-f985-4a08-b761-2a99daeb180a&#8221; text_font_size=&#8221;12px&#8221; link_font=&#8221;|||||||RGBA(255,255,255,0)|&#8221; link_text_color=&#8221;#FFFFFF&#8221; text_orientation=&#8221;center&#8221; global_colors_info=&#8221;{}&#8221;]<\/p>\n<p style=\"text-align: right;\"><span><strong>Sant Sebasti\u00e0, 37<\/strong><br \/>\n43540 La R\u00e0pita<br \/>\nTarragona<br \/>\n<strong>+34 654 82 58 16<\/strong><\/span><\/p>\n<p style=\"text-align: right;\"><span style=\"color: #ffffff;\"><strong><a href=\"mailto:lle3espaicultural@gmail.com\" style=\"color: #ffffff;\">lle3espaicultural@gmail.com<\/a><\/strong><\/span><\/p>\n<p>[\/et_pb_text][et_pb_social_media_follow icon_color=&#8221;#FFFFFF&#8221; _builder_version=&#8221;4.27.4&#8243; _module_preset=&#8221;default&#8221; text_orientation=&#8221;right&#8221; global_colors_info=&#8221;{}&#8221;][et_pb_social_media_follow_network social_network=&#8221;facebook&#8221; _builder_version=&#8221;4.25.1&#8243; _module_preset=&#8221;default&#8221; global_colors_info=&#8221;{}&#8221; follow_button=&#8221;off&#8221; url_new_window=&#8221;on&#8221;]facebook[\/et_pb_social_media_follow_network][et_pb_social_media_follow_network social_network=&#8221;instagram&#8221; _builder_version=&#8221;4.25.1&#8243; _module_preset=&#8221;default&#8221; global_colors_info=&#8221;{}&#8221; follow_button=&#8221;off&#8221; url_new_window=&#8221;on&#8221;]instagram[\/et_pb_social_media_follow_network][et_pb_social_media_follow_network social_network=&#8221;linkedin&#8221; _builder_version=&#8221;4.25.1&#8243; _module_preset=&#8221;default&#8221; global_colors_info=&#8221;{}&#8221; follow_button=&#8221;off&#8221; url_new_window=&#8221;on&#8221;]linkedin[\/et_pb_social_media_follow_network][\/et_pb_social_media_follow][\/et_pb_column][\/et_pb_row][et_pb_row _builder_version=&#8221;4.27.4&#8243; _module_preset=&#8221;default&#8221; global_colors_info=&#8221;{}&#8221;][et_pb_column type=&#8221;4_4&#8243; _builder_version=&#8221;4.27.4&#8243; _module_preset=&#8221;default&#8221; global_colors_info=&#8221;{}&#8221;][et_pb_text _builder_version=&#8221;4.27.4&#8243; _module_preset=&#8221;default&#8221; text_font=&#8221;|||||on|||&#8221; text_text_color=&#8221;#FFFFFF&#8221; global_colors_info=&#8221;{}&#8221;]<\/p>\n<p style=\"text-align: center;\">PROGRAMA KIT DIGITAL FINANCIADO POR LOS FONDOS NEXT GENERATION DEL MECANISMO DE RECUPERACI\u00d3N Y RESILIENCIA<\/p>\n<p>[\/et_pb_text][et_pb_image src=&#8221;http:\/\/lle3espaicultural.com\/wp-content\/uploads\/2025\/06\/CONBANDERA_KITDIGITAL-2-scaled.png&#8221; title_text=&#8221;CONBANDERA_KITDIGITAL-2&#8243; _builder_version=&#8221;4.27.4&#8243; _module_preset=&#8221;default&#8221; background_color=&#8221;#FFFFFF&#8221; custom_padding=&#8221;12px|12px|12px|12px|true|true&#8221; global_colors_info=&#8221;{}&#8221;][\/et_pb_image][\/et_pb_column][\/et_pb_row][\/et_pb_section]<\/p>\n","protected":false},"excerpt":{"rendered":"<p>Sant Sebasti\u00e0, 3743540 La R\u00e0pitaTarragona+34 654 82 58 16 lle3espaicultural@gmail.comAv\u00eds LegalAccessibilitatPol\u00edtica de privacitat<\/p>","protected":false},"author":1,"featured_media":0,"parent":0,"menu_order":0,"comment_status":"closed","ping_status":"closed","template":"page-template-blank.php","meta":{"_et_pb_use_builder":"on","_et_pb_old_content":"","_et_gb_content_width":"","footnotes":""},"class_list":["post-42","page","type-page","status-publish","hentry"],"yoast_head":"<!-- This site is optimized with the Yoast SEO plugin v27.2 - https:\/\/yoast.com\/product\/yoast-seo-wordpress\/ -->\n<title>contacte - Lle.3<\/title>\n<meta name=\"robots\" content=\"index, follow, max-snippet:-1, max-image-preview:large, max-video-preview:-1\" \/>\n<link rel=\"canonical\" href=\"https:\/\/lle3espaicultural.com\/es\/contacte\/\" \/>\n<meta property=\"og:locale\" content=\"es_ES\" \/>\n<meta property=\"og:type\" content=\"article\" \/>\n<meta property=\"og:title\" content=\"contacte - Lle.3\" \/>\n<meta property=\"og:description\" content=\"Sant Sebasti\u00e0, 3743540 La R\u00e0pitaTarragona+34 654 82 58 16 lle3espaicultural@gmail.comAv\u00eds LegalAccessibilitatPol\u00edtica de privacitat\" \/>\n<meta property=\"og:url\" content=\"https:\/\/lle3espaicultural.com\/es\/contacte\/\" \/>\n<meta property=\"og:site_name\" content=\"Lle.3\" \/>\n<meta property=\"article:modified_time\" content=\"2026-03-26T16:06:53+00:00\" \/>\n<meta name=\"twitter:card\" content=\"summary_large_image\" \/>\n<meta name=\"twitter:label1\" content=\"Tiempo de lectura\" \/>\n\t<meta name=\"twitter:data1\" content=\"8 minutos\" \/>\n<script type=\"application\/ld+json\" class=\"yoast-schema-graph\">{\"@context\":\"https:\/\/schema.org\",\"@graph\":[{\"@type\":\"WebPage\",\"@id\":\"https:\/\/lle3espaicultural.com\/contacte\/\",\"url\":\"https:\/\/lle3espaicultural.com\/contacte\/\",\"name\":\"contacte - Lle.3\",\"isPartOf\":{\"@id\":\"https:\/\/lle3espaicultural.com\/#website\"},\"datePublished\":\"2025-02-06T14:30:20+00:00\",\"dateModified\":\"2026-03-26T16:06:53+00:00\",\"breadcrumb\":{\"@id\":\"https:\/\/lle3espaicultural.com\/contacte\/#breadcrumb\"},\"inLanguage\":\"es\",\"potentialAction\":[{\"@type\":\"ReadAction\",\"target\":[\"https:\/\/lle3espaicultural.com\/contacte\/\"]}]},{\"@type\":\"BreadcrumbList\",\"@id\":\"https:\/\/lle3espaicultural.com\/contacte\/#breadcrumb\",\"itemListElement\":[{\"@type\":\"ListItem\",\"position\":1,\"name\":\"Portada\",\"item\":\"https:\/\/lle3espaicultural.com\/\"},{\"@type\":\"ListItem\",\"position\":2,\"name\":\"contacte\"}]},{\"@type\":\"WebSite\",\"@id\":\"https:\/\/lle3espaicultural.com\/#website\",\"url\":\"https:\/\/lle3espaicultural.com\/\",\"name\":\"Lle.3\",\"description\":\"Espai Cultural\",\"publisher\":{\"@id\":\"https:\/\/lle3espaicultural.com\/#organization\"},\"potentialAction\":[{\"@type\":\"SearchAction\",\"target\":{\"@type\":\"EntryPoint\",\"urlTemplate\":\"https:\/\/lle3espaicultural.com\/?s={search_term_string}\"},\"query-input\":{\"@type\":\"PropertyValueSpecification\",\"valueRequired\":true,\"valueName\":\"search_term_string\"}}],\"inLanguage\":\"es\"},{\"@type\":\"Organization\",\"@id\":\"https:\/\/lle3espaicultural.com\/#organization\",\"name\":\"Lle.3\",\"url\":\"https:\/\/lle3espaicultural.com\/\",\"logo\":{\"@type\":\"ImageObject\",\"inLanguage\":\"es\",\"@id\":\"https:\/\/lle3espaicultural.com\/#\/schema\/logo\/image\/\",\"url\":\"https:\/\/lle3espaicultural.com\/wp-content\/uploads\/2025\/02\/logolle3min.png\",\"contentUrl\":\"https:\/\/lle3espaicultural.com\/wp-content\/uploads\/2025\/02\/logolle3min.png\",\"width\":500,\"height\":250,\"caption\":\"Lle.3\"},\"image\":{\"@id\":\"https:\/\/lle3espaicultural.com\/#\/schema\/logo\/image\/\"}}]}<\/script>\n<!-- \/ Yoast SEO plugin. -->","yoast_head_json":{"title":"contacte - Lle.3","robots":{"index":"index","follow":"follow","max-snippet":"max-snippet:-1","max-image-preview":"max-image-preview:large","max-video-preview":"max-video-preview:-1"},"canonical":"https:\/\/lle3espaicultural.com\/es\/contacte\/","og_locale":"es_ES","og_type":"article","og_title":"contacte - Lle.3","og_description":"Sant Sebasti\u00e0, 3743540 La R\u00e0pitaTarragona+34 654 82 58 16 lle3espaicultural@gmail.comAv\u00eds LegalAccessibilitatPol\u00edtica de privacitat","og_url":"https:\/\/lle3espaicultural.com\/es\/contacte\/","og_site_name":"Lle.3","article_modified_time":"2026-03-26T16:06:53+00:00","twitter_card":"summary_large_image","twitter_misc":{"Tiempo de lectura":"8 minutos"},"schema":{"@context":"https:\/\/schema.org","@graph":[{"@type":"WebPage","@id":"https:\/\/lle3espaicultural.com\/contacte\/","url":"https:\/\/lle3espaicultural.com\/contacte\/","name":"contacte - Lle.3","isPartOf":{"@id":"https:\/\/lle3espaicultural.com\/#website"},"datePublished":"2025-02-06T14:30:20+00:00","dateModified":"2026-03-26T16:06:53+00:00","breadcrumb":{"@id":"https:\/\/lle3espaicultural.com\/contacte\/#breadcrumb"},"inLanguage":"es","potentialAction":[{"@type":"ReadAction","target":["https:\/\/lle3espaicultural.com\/contacte\/"]}]},{"@type":"BreadcrumbList","@id":"https:\/\/lle3espaicultural.com\/contacte\/#breadcrumb","itemListElement":[{"@type":"ListItem","position":1,"name":"Portada","item":"https:\/\/lle3espaicultural.com\/"},{"@type":"ListItem","position":2,"name":"contacte"}]},{"@type":"WebSite","@id":"https:\/\/lle3espaicultural.com\/#website","url":"https:\/\/lle3espaicultural.com\/","name":"Lle.3","description":"Espai Cultural","publisher":{"@id":"https:\/\/lle3espaicultural.com\/#organization"},"potentialAction":[{"@type":"SearchAction","target":{"@type":"EntryPoint","urlTemplate":"https:\/\/lle3espaicultural.com\/?s={search_term_string}"},"query-input":{"@type":"PropertyValueSpecification","valueRequired":true,"valueName":"search_term_string"}}],"inLanguage":"es"},{"@type":"Organization","@id":"https:\/\/lle3espaicultural.com\/#organization","name":"Lle.3","url":"https:\/\/lle3espaicultural.com\/","logo":{"@type":"ImageObject","inLanguage":"es","@id":"https:\/\/lle3espaicultural.com\/#\/schema\/logo\/image\/","url":"https:\/\/lle3espaicultural.com\/wp-content\/uploads\/2025\/02\/logolle3min.png","contentUrl":"https:\/\/lle3espaicultural.com\/wp-content\/uploads\/2025\/02\/logolle3min.png","width":500,"height":250,"caption":"Lle.3"},"image":{"@id":"https:\/\/lle3espaicultural.com\/#\/schema\/logo\/image\/"}}]}},"_links":{"self":[{"href":"https:\/\/lle3espaicultural.com\/es\/wp-json\/wp\/v2\/pages\/42","targetHints":{"allow":["GET"]}}],"collection":[{"href":"https:\/\/lle3espaicultural.com\/es\/wp-json\/wp\/v2\/pages"}],"about":[{"href":"https:\/\/lle3espaicultural.com\/es\/wp-json\/wp\/v2\/types\/page"}],"author":[{"embeddable":true,"href":"https:\/\/lle3espaicultural.com\/es\/wp-json\/wp\/v2\/users\/1"}],"replies":[{"embeddable":true,"href":"https:\/\/lle3espaicultural.com\/es\/wp-json\/wp\/v2\/comments?post=42"}],"version-history":[{"count":17,"href":"https:\/\/lle3espaicultural.com\/es\/wp-json\/wp\/v2\/pages\/42\/revisions"}],"predecessor-version":[{"id":2059,"href":"https:\/\/lle3espaicultural.com\/es\/wp-json\/wp\/v2\/pages\/42\/revisions\/2059"}],"wp:attachment":[{"href":"https:\/\/lle3espaicultural.com\/es\/wp-json\/wp\/v2\/media?parent=42"}],"curies":[{"name":"wp","href":"https:\/\/api.w.org\/{rel}","templated":true}]}}